{"id":6,"date":"2021-10-20T00:51:12","date_gmt":"2021-10-20T00:51:12","guid":{"rendered":"https:\/\/marrangu.cdu.edu.au\/index.php\/mesmerize\/"},"modified":"2021-10-20T14:57:47","modified_gmt":"2021-10-20T05:27:47","slug":"mesmerize","status":"publish","type":"page","link":"https:\/\/marrangu.cdu.edu.au\/","title":{"rendered":"Front Page"},"content":{"rendered":"<div  data-label=\"Features\" data-id=\"features--1\" data-export-id=\"features-13-card-bordered\" data-category=\"features\" class=\"features-13 content-section content-section-spacing\" id=\"features-1\" style=\"background-color: rgb(245, 250, 253);\"><div  class=\"gridContainer\"> <div  class=\"row text-center\"><div  class=\"section-title-col\" data-type=\"column\"> <h2  class=\"\">Listen to Marra\u014bu language<\/h2> <p  class=\"lead\">Lorem ipsum dolor sit amet, consectetur adipiscing elit, sed do eiusmod tempor incididunt ut labore et dolore magna aliqua. Ut enim ad minim veniam, quis nostrud exercitation.Ut enim ad minim veniam, quis nostrud exercitation.<\/p><\/div> <\/div> <div  class=\"row spaced-cols content-center-sm\" data-type=\"row\"> <div  class=\"col-sm-4 col-md-6 \"> <div  class=\"card bordered y-move\" data-type=\"column\"> <i  class=\"fa icon color1 fa-video-camera reverse round big\"><\/i> <h4  class=\"\">DHARPA<\/h4> <p  class=\"\">Dharpa (dh\u00e4ruk, bi\u1e3bma ga yi\u1e0faki)<br >Stringybark Tree<br >Spoken by: Gawura Wa\u1e49ambi<br >Sung by: Gitjpapuy Wa\u1e49ambi (1971)<br >Language: Marra\u014bu<\/p> <a class=\"button small y-move color2\" href=\"https:\/\/espace.cdu.edu.au\/eserv\/cdu:63338\/Dharpa_complete.mp3\" target=\"_self\" data-cp-link=\"1\" rel=\"noopener\">LISTEN HERE<\/a><a class=\"button blue\" href=\"https:\/\/espace.cdu.edu.au\/eserv\/cdu:63337\/Gapu_dh__ruk.pdf\" target=\"_self\" data-cp-link=\"1\" rel=\"noopener\">Read here<\/a><a class=\"link\" href=\"https:\/\/espace.cdu.edu.au\/eserv\/cdu:63338\/Dharpa_overview.pdf\" target=\"_blank\" data-cp-link=\"1\" rel=\"noopener\">Read<\/a><\/div> <\/div> <div  class=\"col-sm-4 col-md-6 \"> <div  class=\"card bordered y-move\" data-type=\"column\"> <i  class=\"fa icon color1 fa-video-camera reverse round big\"><\/i> <h4  class=\"\">GAPU<\/h4> <p  class=\"\">Gapu (dh\u00e4ruk, bi\u1e3bma ga yi\u1e0faki)<br >Spoken by: Gawura Wa\u1e49ambi<br >Sung by: Gitjpapuy Wa\u1e49ambi (1971)<br >Language: Marra\u014bu<br >Location: Rayma\u014bgirr<\/p> <a class=\"button small y-move color2\" href=\"https:\/\/espace.cdu.edu.au\/eserv\/cdu:63337\/Gapu_intro_and_manikay.mp3\" target=\"_self\" data-cp-link=\"1\" rel=\"noopener\">LISTEN HERE<\/a><a class=\"button blue\" href=\"https:\/\/espace.cdu.edu.au\/eserv\/cdu:63337\/Gapu_dh__ruk.pdf\" target=\"_self\" data-cp-link=\"1\" rel=\"noopener\">Read here<\/a><\/div> <\/div> <\/div> <\/div><\/div><div  data-label=\"Features\" data-id=\"features--2\" data-export-id=\"features-12\" data-category=\"features\" class=\"features-12 content-section content-section-spacing \" id=\"features-2\" style=\"background-color: rgb(245, 250, 253);\"><div  class=\"gridContainer\"> <div  class=\"row text-center\"><div  class=\"section-title-col\" data-type=\"column\"> <h2  class=\"\">Stories in Marra\u014bu language<\/h2> <p  class=\"lead\">Text stories collected over time. Adding audio soon<\/p><\/div> <\/div> <div  class=\"row spaced-cols\" data-type=\"row\"> <div  class=\"col-sm-6 col-md-6 \"> <div  class=\"row space-bottom\"> <div  class=\"col-sm-fit icon-column\"> <a data-cp-link=\"1\" href=\"https:\/\/espace.cdu.edu.au\/eserv\/cdu:63339\/Baman_.pdf\" target=\"_blank\" rel=\"noopener\" class=\"\"><i  class=\"fa icon color2 fa-bookmark bordered round\"><\/i><\/a> <\/div> <div  class=\"col-sm\" data-type=\"column\"> <h5  class=\"color2\">BAMAN<\/h5> <p  class=\"\">Long ago \u2026<\/p><\/div> <\/div><\/div> <div  class=\"col-sm-6 col-md-6 \"><div  class=\"row space-bottom\"> <div  class=\"col-sm-fit icon-column\"><a data-cp-link=\"1\" href=\"https:\/\/espace.cdu.edu.au\/eserv\/cdu:63431\/Rangi.pdf\" target=\"_blank\" rel=\"noopener\" class=\"\"><i  class=\"fa icon color2 fa-bookmark bordered round\"><\/i><\/a><\/div> <div  class=\"col-sm\" data-type=\"column\"><h5  class=\"color2\">RA\u014aI<\/h5> <p  class=\"\">Add text describing file<\/p><\/div> <\/div><\/div> <div  class=\"col-sm-6 col-md-6 \"><div  class=\"row space-bottom\"> <div  class=\"col-sm-fit icon-column\"><a data-cp-link=\"1\" href=\"https:\/\/espace.cdu.edu.au\/eserv\/cdu:63432\/Warrwarda.pdf\" target=\"_blank\" rel=\"noopener\" class=\"\"><i  class=\"fa icon color2 fa-bookmark bordered round\"><\/i><\/a><\/div> <div  class=\"col-sm\" data-type=\"column\"><h5  class=\"color2\">WARRWA\u1e0eA<\/h5> <p  class=\"\">Milk fish \u2026<\/p><\/div> <\/div><\/div> <div  class=\"col-sm-6 col-md-6 \"><div  class=\"row space-bottom\"> <div  class=\"col-sm-fit icon-column\"><a data-cp-link=\"1\" href=\"https:\/\/espace.cdu.edu.au\/view\/cdu:63433\" target=\"_blank\" rel=\"noopener\" class=\"\"><i  class=\"fa icon color2 fa-bookmark bordered round\"><\/i><\/a><\/div> <div  class=\"col-sm\" data-type=\"column\"><h5  class=\"color2\">MARANYDJALK<\/h5> <p  class=\"\">Stingray \u2026<\/p><\/div> <\/div><\/div> <div  class=\"col-sm-6 col-md-6\"> <div  class=\"row space-bottom\"> <div  class=\"col-sm-fit icon-column\"> <a data-cp-link=\"1\" href=\"https:\/\/espace.cdu.edu.au\/eserv\/cdu:63434\/Going_to_Raymangirr.pdf\" target=\"_blank\" rel=\"noopener\" class=\"\"><i  class=\"fa icon color2 fa-bookmark bordered round\"><\/i><\/a> <\/div> <div  class=\"col-sm\" data-type=\"column\"> <h5  class=\"color2\">DH\u00c4RUK 1 \u2013 going to Rayma\u014bgirr<\/h5> <p  class=\"\">check details <\/p><\/div> <\/div><\/div><div  class=\"col-sm-6 col-md-6\"> <div  class=\"row space-bottom\"> <div  class=\"col-sm-fit icon-column\"> <a data-cp-link=\"1\" href=\"https:\/\/espace.cdu.edu.au\/eserv\/cdu:63435\/Dharuk_2_check_title.pdf\" target=\"_blank\" rel=\"noopener\" class=\"\"><i  class=\"fa icon color2 fa-bookmark bordered round\"><\/i><\/a> <\/div> <div  class=\"col-sm\" data-type=\"column\"> <h5  class=\"color2\">DH\u00c4RUK 2 \u2013 check title<\/h5> <p  class=\"\">check details<\/p><\/div> <\/div><\/div><\/div><\/div> <\/div><div  id=\"content-13\" style=\"background-color: #f5fafd;\" data-label=\"Content\" data-id=\"content-2\" data-export-id=\"content-2\" data-category=\"content\" class=\"content-2 content-section content-section-spacing\"><div > <div  class=\"row middle-xs\"><div  class=\"col-sm-5 bg-image shadow-large-black\" data-bg=\"image\" style=\"background-image: url(&quot;https:\/\/marrangu.cdu.edu.au\/wp-content\/uploads\/2021\/10\/cropped-Marrarrawuy-and-Clay-Marranu-Story-scaled-1.jpg&quot;);\"><\/div> <div  class=\"col-sm-7 full-col-left-padding full-col-right-padding\"> <div  class=\"row\"> <div  data-type=\"column\" class=\"space-bottom-small content-title-col\"> <h5  class=\"\">ABOUT MARRA\u014aU<\/h5> <h2  class=\"\">About Marra\u014bu<\/h2> <p  class=\"\">Gawura Wanambi is a CDU Yol\u014bu lecturer and owner of the Marra\u014bu language. He is keen to document his language and is looking for ways to make this happen.\n<br ><br >Around Gapuwiyak and the surrounding homelands, it is estimated that there are around 200 members of the Marra\u014bu clan, though only about 12 language speakers, all over 40 years old. Most Marra\u014bu use Djambarrpuy\u014bu in their daily life.\n<br >&nbsp;<br >Gawura has some recordings in Marra\u014bu from AIATSIS, including his father telling stories. He also has recordings of his older sister telling stories on Yol\u014bu Radio. He has begun transcribing these.\n<br ><br >This project has been funded by First Languages Australia under the Priority Language Support Fund, as a partnership between Charles Darwin University and ARDS (Aboriginal Resource Development Service)<\/p><\/div> <\/div> <div  class=\"row spaced-cols \" data-type=\"row\"> <div  class=\"col-xs-6\" data-type=\"column\">  <\/div>    <\/div><\/div> <\/div><\/div> <\/div><div  id=\"testimonials-5\" style=\"background-color: #ffffff;\" data-label=\"Testimonials\" data-id=\"testimonials-5\" data-export-id=\"testimonials-5\" data-category=\"testimonials\" class=\"testimonials-5 content-section content-section-spacing\"><div  class=\"gridContainer\"> <div  class=\"row\"><div  data-type=\"column\" class=\"section-title-col\"> <h2  class=\"\">Marra\u014bu team<\/h2> <p  class=\"lead\">This is who is working on the project<\/p><\/div> <\/div> <div  class=\"row spaced-cols content-center-sm\" data-type=\"row\"> <div  class=\"col-sm-4\"> <div  class=\"card y-move bordered\" data-type=\"column\">   <img decoding=\"async\"  src=\"https:\/\/marrangu.cdu.edu.au\/wp-content\/uploads\/2021\/10\/cropped-gawura_wanambi_hd_2.jpg\" class=\"round icon\" title=\"cropped-gawura_wanambi_hd_2.jpg\" alt=\"\"> <h6  class=\"\">Gawura Wa\u1e49ambi<\/h6> <p  class=\"small italic\">CDU lecturer\n<br ><br >Chair of ARDS<\/p><\/div> <\/div> <div  class=\"col-sm-4\"> <div  class=\"card y-move bordered\" data-type=\"column\">   <img decoding=\"async\"  src=\"https:\/\/marrangu.cdu.edu.au\/wp-content\/uploads\/2021\/10\/cropped-PXL_20210330_013804911-scaled-1.jpg\" class=\"round icon\" title=\"cropped-PXL_20210330_013804911-scaled-1.jpg\" alt=\"\"> <h6  class=\"\">Marrarrawuy Margaret Wa\u1e49ambi<\/h6> <p  class=\"small italic\">Marra\u014bu consultant<\/p><\/div> <\/div> <div  class=\"col-sm-4\"> <div  class=\"card y-move bordered\" data-type=\"column\">   <img decoding=\"async\"  src=\"https:\/\/marrangu.cdu.edu.au\/wp-content\/uploads\/2021\/10\/PXL_20210416_003452784-scaled.jpg\" class=\"round icon\" title=\"PXL_20210416_003452784\" alt=\"\"> <h6  class=\"\">Sharon Wunu\u014bmurra<\/h6> <p  class=\"small italic\">consultant<\/p><\/div> <\/div><\/div> <\/div><\/div><div  data-label=\"Clients\" data-id=\"clients--2\" data-export-id=\"clients-4\" data-category=\"clients\" class=\"clients-4 content-section content-section-spacing-small\" id=\"clients-2\" style=\"background-color: rgb(255, 255, 255);\"><div  class=\"gridContainer\"> <div  class=\"row\"><div  data-type=\"column\" class=\"section-title-col\"> <h2  class=\"font-700\">Our partners<\/h2> <p  class=\"lead\">Thanks to our sponsors and partners<\/p><\/div> <\/div> <div  data-type=\"row\" class=\"row spaced-cols middle-xs center-xs space-bottom padding-lr\"> <div  class=\"col-xs-6 col-sm-2\"> <img decoding=\"async\"  src=\"https:\/\/marrangu.cdu.edu.au\/wp-content\/uploads\/2021\/10\/ards-logo.png\" class=\"\" title=\"ards-logo\" alt=\"\"><\/div> <div  class=\"col-xs-6 col-sm-2\"> <img decoding=\"async\"  src=\"https:\/\/marrangu.cdu.edu.au\/wp-content\/uploads\/2021\/10\/CDU-Wedge_Shadow_Left-Base_300_RGB.png\" class=\"\" title=\"CDU Wedge_Shadow_Left Base_300_RGB\" alt=\"\"><\/div> <div  class=\"col-xs-6 col-sm-2\"> <img decoding=\"async\"  src=\"https:\/\/marrangu.cdu.edu.au\/wp-content\/uploads\/2021\/10\/FLA_Logo_300x.png\" class=\"\" title=\"FLA_Logo_300x\" alt=\"\"><\/div>    <\/div><\/div> <\/div>","protected":false},"excerpt":{"rendered":"<p>Listen to Marra\u014bu language Lorem ipsum dolor sit amet, consectetur adipiscing elit, sed do eiusmod tempor incididunt ut labore et dolore magna aliqua. Ut enim ad minim veniam, quis nostrud exercitation.Ut enim ad minim veniam, quis nostrud exercitation. DHARPA Dharpa (dh\u00e4ruk, bi\u1e3bma ga yi\u1e0faki)Stringybark TreeSpoken by: Gawura Wa\u1e49ambiSung by: Gitjpapuy Wa\u1e49ambi (1971)Language: Marra\u014bu LISTEN HERERead&hellip; <br \/> <a class=\"read-more\" href=\"https:\/\/marrangu.cdu.edu.au\/\">Read more<\/a><\/p>\n","protected":false},"author":2,"featured_media":0,"parent":0,"menu_order":0,"comment_status":"closed","ping_status":"closed","template":"page-templates\/homepage.php","meta":{"footnotes":""},"class_list":["post-6","page","type-page","status-publish","hentry"],"_links":{"self":[{"href":"https:\/\/marrangu.cdu.edu.au\/index.php\/wp-json\/wp\/v2\/pages\/6","targetHints":{"allow":["GET"]}}],"collection":[{"href":"https:\/\/marrangu.cdu.edu.au\/index.php\/wp-json\/wp\/v2\/pages"}],"about":[{"href":"https:\/\/marrangu.cdu.edu.au\/index.php\/wp-json\/wp\/v2\/types\/page"}],"author":[{"embeddable":true,"href":"https:\/\/marrangu.cdu.edu.au\/index.php\/wp-json\/wp\/v2\/users\/2"}],"replies":[{"embeddable":true,"href":"https:\/\/marrangu.cdu.edu.au\/index.php\/wp-json\/wp\/v2\/comments?post=6"}],"version-history":[{"count":12,"href":"https:\/\/marrangu.cdu.edu.au\/index.php\/wp-json\/wp\/v2\/pages\/6\/revisions"}],"predecessor-version":[{"id":58,"href":"https:\/\/marrangu.cdu.edu.au\/index.php\/wp-json\/wp\/v2\/pages\/6\/revisions\/58"}],"wp:attachment":[{"href":"https:\/\/marrangu.cdu.edu.au\/index.php\/wp-json\/wp\/v2\/media?parent=6"}],"curies":[{"name":"wp","href":"https:\/\/api.w.org\/{rel}","templated":true}]}}